{"id":322,"date":"2018-10-25T13:55:22","date_gmt":"2018-10-25T11:55:22","guid":{"rendered":"http:\/\/gourmet-club-trier.muving.de\/?page_id=322"},"modified":"2025-12-13T15:17:23","modified_gmt":"2025-12-13T14:17:23","slug":"termine","status":"publish","type":"page","link":"https:\/\/gourmet-club-trier.de\/index.php\/termine\/","title":{"rendered":"Termine"},"content":{"rendered":"\n<h3 class=\"wp-block-heading has-black-color has-text-color has-link-color has-large-font-size wp-elements-a1c42838132500d5b2aba4c4f23d5fcd\">1. Halbjahr 2026<\/h3>\n\n\n\n<p><\/p>\n\n\n\n<p><\/p>\n\n\n\n<div class=\"wp-block-group is-vertical is-layout-flex wp-container-core-group-is-layout-8cf370e7 wp-block-group-is-layout-flex\">\n<div class=\"wp-block-columns is-layout-flex wp-container-core-columns-is-layout-9d6595d7 wp-block-columns-is-layout-flex\">\n<div class=\"wp-block-column is-layout-flow wp-block-column-is-layout-flow\" style=\"flex-basis:100%\">\n<div class=\"wp-block-group is-vertical is-layout-flex wp-container-core-group-is-layout-8cf370e7 wp-block-group-is-layout-flex\">\n<figure class=\"wp-block-table is-style-regular has-medium-font-size\"><table class=\"has-fixed-layout\"><tbody><tr><td class=\"has-text-align-center\" data-align=\"center\"><br>30.01.26 regul\u00e4res Kochen<br><br><\/td><\/tr><tr><td class=\"has-text-align-center\" data-align=\"center\"><br>27.02.26 regul\u00e4res Kochen<br><br><\/td><\/tr><tr><td class=\"has-text-align-center\" data-align=\"center\"><br>20.03.26 regul\u00e4res Kochen<br><br><\/td><\/tr><tr><td class=\"has-text-align-center\" data-align=\"center\"><br>30 j\u00e4hriges Jubil\u00e4um\/ Ausflug in die Pfalz<br><br><\/td><\/tr><tr><td class=\"has-text-align-center\" data-align=\"center\"><br>29.05.26 regul\u00e4res Kochen<br><br><\/td><\/tr><tr><td class=\"has-text-align-center\" data-align=\"center\"><br>19.06.26 regul\u00e4res Kochen<br><br><\/td><\/tr><\/tbody><\/table><\/figure>\n\n\n\n<p><\/p>\n<\/div>\n<\/div>\n<\/div>\n<\/div>\n\n\n\n<blockquote class=\"wp-block-quote has-text-align-center has-large-font-size is-layout-flow wp-block-quote-is-layout-flow\">\n<p class=\"has-text-align-center has-medium-font-size\">Vereinslokal des Gourmetclub Trier:<\/p>\n<cite><a href=\"http:\/\/www.georgs-restaurant.de\/\" target=\"_blank\" rel=\"noopener\">Georgs Restaurant<\/a> <br><br>An der H\u00e4renwies 10 <br>54294 Trier<br><\/cite><\/blockquote>\n","protected":false},"excerpt":{"rendered":"<p>1. Halbjahr 2026 30.01.26 regul\u00e4res Kochen 27.02.26 regul\u00e4res Kochen 20.03.26 regul\u00e4res Kochen 30 j\u00e4hriges Jubil\u00e4um\/ Ausflug in die Pfalz 29.05.26 regul\u00e4res Kochen 19.06.26 regul\u00e4res Kochen Vereinslokal des Gourmetclub Trier: Georgs Restaurant An der H\u00e4renwies 10 54294 Trier<\/p>\n","protected":false},"author":1,"featured_media":0,"parent":0,"menu_order":0,"comment_status":"closed","ping_status":"closed","template":"","meta":{"ngg_post_thumbnail":0,"footnotes":""},"class_list":["post-322","page","type-page","status-publish","hentry"],"_links":{"self":[{"href":"https:\/\/gourmet-club-trier.de\/index.php\/wp-json\/wp\/v2\/pages\/322","targetHints":{"allow":["GET"]}}],"collection":[{"href":"https:\/\/gourmet-club-trier.de\/index.php\/wp-json\/wp\/v2\/pages"}],"about":[{"href":"https:\/\/gourmet-club-trier.de\/index.php\/wp-json\/wp\/v2\/types\/page"}],"author":[{"embeddable":true,"href":"https:\/\/gourmet-club-trier.de\/index.php\/wp-json\/wp\/v2\/users\/1"}],"replies":[{"embeddable":true,"href":"https:\/\/gourmet-club-trier.de\/index.php\/wp-json\/wp\/v2\/comments?post=322"}],"version-history":[{"count":38,"href":"https:\/\/gourmet-club-trier.de\/index.php\/wp-json\/wp\/v2\/pages\/322\/revisions"}],"predecessor-version":[{"id":1692,"href":"https:\/\/gourmet-club-trier.de\/index.php\/wp-json\/wp\/v2\/pages\/322\/revisions\/1692"}],"wp:attachment":[{"href":"https:\/\/gourmet-club-trier.de\/index.php\/wp-json\/wp\/v2\/media?parent=322"}],"curies":[{"name":"wp","href":"https:\/\/api.w.org\/{rel}","templated":true}]}}