{"id":17,"date":"2018-09-16T21:14:34","date_gmt":"2018-09-16T19:14:34","guid":{"rendered":"https:\/\/gourmet-club-trier.de\/?page_id=17"},"modified":"2025-12-13T15:15:00","modified_gmt":"2025-12-13T14:15:00","slug":"mitglieder","status":"publish","type":"page","link":"https:\/\/gourmet-club-trier.de\/index.php\/mitglieder\/","title":{"rendered":"Mitglieder"},"content":{"rendered":"\n<div class=\"wp-block-group\"><div class=\"wp-block-group__inner-container is-layout-constrained wp-block-group-is-layout-constrained\">\n<figure class=\"wp-block-gallery has-nested-images columns-default is-cropped wp-block-gallery-1 is-layout-flex wp-block-gallery-is-layout-flex\"><\/figure>\n<\/div><\/div>\n\n\n\n<div class=\"wp-block-group is-nowrap is-layout-flex wp-container-core-group-is-layout-ad2f72ca wp-block-group-is-layout-flex\">\n<figure class=\"wp-block-table aligncenter member-table is-style-stripes\"><table class=\"has-fixed-layout\"><tbody><tr><td class=\"has-text-align-center\" data-align=\"center\"><img decoding=\"async\" src=\"https:\/\/gourmet-club-trier.de\/wp-content\/uploads\/2024\/06\/DSCF8095-683x1024.jpg\" alt=\"\" style=\"width: 150px;\"><img decoding=\"async\" style=\"width: 150px;\" src=\"https:\/\/gourmet-club-trier.de\/wp-content\/uploads\/2024\/06\/DSCF8095-2-683x1024.jpg\" alt=\"\"><\/td><td class=\"has-text-align-center\" data-align=\"center\"><img decoding=\"async\" class=\"wp-image-235\" style=\"width: 150px;\" src=\"http:\/\/gourmet-club-trier.de\/wp-content\/uploads\/2018\/12\/Hein.jpg\" alt=\"\"><\/td><td><img decoding=\"async\" class=\"wp-image-668\" style=\"width: 150px;\" src=\"http:\/\/gourmet-club-trier.de\/wp-content\/uploads\/2018\/12\/Wolf.jpg\" alt=\"\"><\/td><td><img decoding=\"async\" class=\"wp-image-668\" style=\"width: 150px;\" src=\"http:\/\/gourmet-club-trier.de\/wp-content\/uploads\/2018\/12\/Henke.jpg\" alt=\"\"><\/td><td><img decoding=\"async\" class=\"wp-image-668\" style=\"width: 150px;\" src=\"http:\/\/gourmet-club-trier.de\/wp-content\/uploads\/2018\/12\/Kay.jpg\" alt=\"\"><\/td><\/tr><tr><td class=\"has-text-align-center\" data-align=\"center\"><strong><strong>Alex Bach<\/strong><\/strong><br>Pr\u00e4sident<br><br><\/td><td class=\"has-text-align-center\" data-align=\"center\"><strong>Wolfgang Hein<\/strong><br>Vizepr\u00e4sident<br>Schatzmeister<\/td><td><strong>Willi Wolf<\/strong><br>Schriftf\u00fchrer<br><br><\/td><td><strong>Georg Henke<\/strong><br>K\u00fcchenchef<br><br><\/td><td><strong>Helmut Kay<br><br><br><\/strong><\/td><\/tr><tr><td class=\"has-text-align-center\" data-align=\"center\"><img decoding=\"async\" class=\"wp-image-668\" style=\"width: 150px;\" src=\"http:\/\/gourmet-club-trier.de\/wp-content\/uploads\/2018\/12\/Reis.jpg\" alt=\"\"><\/td><td class=\"has-text-align-center\" data-align=\"center\"><img decoding=\"async\" class=\"wp-image-235\" style=\"width: 150px;\" src=\"http:\/\/gourmet-club-trier.de\/wp-content\/uploads\/2018\/12\/Kiesmann.jpg\" alt=\"\"><\/td><td><img decoding=\"async\" class=\"wp-image-668\" style=\"width: 150px;\" src=\"http:\/\/gourmet-club-trier.de\/wp-content\/uploads\/2018\/12\/Oberbillig.jpg\" alt=\"\"><\/td><td><img decoding=\"async\" class=\"wp-image-668\" style=\"width: 150px;\" src=\"http:\/\/gourmet-club-trier.de\/wp-content\/uploads\/2018\/12\/Schaefer.jpg\" alt=\"\"><\/td><td><img decoding=\"async\" src=\"https:\/\/gourmet-club-trier.de\/wp-content\/uploads\/2025\/12\/DSCF8020-scaled-e1765634937761-1024x1024.jpg\" alt=\"\" style=\"width: 150px;\"><\/td><\/tr><tr><td class=\"has-text-align-center\" data-align=\"center\"><strong>Helmut Reis<\/strong><br><\/td><td class=\"has-text-align-center\" data-align=\"center\"><strong>Michael Kiesmann<\/strong><br><\/td><td><strong>Walter Oberbillig<\/strong><br><\/td><td><strong>J\u00fcrgen Schaefer<\/strong><br><\/td><td><strong>Dieter Reitemeyer<br><\/strong><\/td><\/tr><tr><td class=\"has-text-align-center\" data-align=\"center\"><img decoding=\"async\" class=\"wp-image-668\" style=\"width: 150px;\" src=\"http:\/\/gourmet-club-trier.de\/wp-content\/uploads\/2018\/12\/Marx.jpg\" alt=\"\"><\/td><td class=\"has-text-align-center\" data-align=\"center\"><img decoding=\"async\" class=\"wp-image-235\" style=\"width: 150px;\" src=\"http:\/\/gourmet-club-trier.de\/wp-content\/uploads\/2018\/12\/Klooss.jpg\" alt=\"\"><\/td><td><img decoding=\"async\" class=\"wp-image-668\" style=\"width: 150px;\" src=\"http:\/\/gourmet-club-trier.de\/wp-content\/uploads\/2018\/12\/Nussbaum.jpg\" alt=\"\"><\/td><td><img decoding=\"async\" class=\"wp-image-668\" style=\"width: 150px;\" src=\"http:\/\/gourmet-club-trier.de\/wp-content\/uploads\/2018\/12\/Decker.jpg\" alt=\"\"><\/td><td><img decoding=\"async\" class=\"wp-image-235\" style=\"width: 150px;\" src=\"http:\/\/gourmet-club-trier.de\/wp-content\/uploads\/2018\/12\/deBoer.jpg\" alt=\"\"><\/td><\/tr><tr><td class=\"has-text-align-center\" data-align=\"center\"><strong>Engelbert Marx<\/strong><br><\/td><td class=\"has-text-align-center\" data-align=\"center\"><strong>Prof. Dr. Wolfgang Klooss<\/strong><br><\/td><td><strong>Gert Nussbaum<\/strong><br><\/td><td><strong>Oliver Decker<\/strong><br><\/td><td><strong>Dr. R\u00fcdiger de Boer<br><\/strong><\/td><\/tr><tr><td class=\"has-text-align-center\" data-align=\"center\"><img decoding=\"async\" class=\"wp-image-235\" style=\"width: 150px;\" src=\"http:\/\/gourmet-club-trier.de\/wp-content\/uploads\/2018\/12\/Wegmann.jpg\" alt=\"\"><\/td><td class=\"has-text-align-center\" data-align=\"center\"><img decoding=\"async\" src=\"http:\/\/gourmet-club-trier.de\/wp-content\/uploads\/2018\/12\/Puch.jpg\" alt=\"\" style=\"width: 150px;\"><\/td><td><img loading=\"lazy\" decoding=\"async\" width=\"150\" height=\"150\" class=\"wp-image-1384\" style=\"width: 150px;\" src=\"https:\/\/gourmet-club-trier.de\/wp-content\/uploads\/2023\/11\/Hettinger-1.jpg\" alt=\"Matthias Hettinger\" srcset=\"https:\/\/gourmet-club-trier.de\/wp-content\/uploads\/2023\/11\/Hettinger-1.jpg 2206w, https:\/\/gourmet-club-trier.de\/wp-content\/uploads\/2023\/11\/Hettinger-1-300x300.jpg 300w, https:\/\/gourmet-club-trier.de\/wp-content\/uploads\/2023\/11\/Hettinger-1-1024x1024.jpg 1024w, https:\/\/gourmet-club-trier.de\/wp-content\/uploads\/2023\/11\/Hettinger-1-150x150.jpg 150w, https:\/\/gourmet-club-trier.de\/wp-content\/uploads\/2023\/11\/Hettinger-1-768x768.jpg 768w, https:\/\/gourmet-club-trier.de\/wp-content\/uploads\/2023\/11\/Hettinger-1-1536x1536.jpg 1536w, https:\/\/gourmet-club-trier.de\/wp-content\/uploads\/2023\/11\/Hettinger-1-2048x2048.jpg 2048w, https:\/\/gourmet-club-trier.de\/wp-content\/uploads\/2023\/11\/Hettinger-1-945x945.jpg 945w, https:\/\/gourmet-club-trier.de\/wp-content\/uploads\/2023\/11\/Hettinger-1-600x600.jpg 600w\" sizes=\"auto, (max-width: 150px) 100vw, 150px\" \/><\/td><td><img loading=\"lazy\" decoding=\"async\" width=\"150\" height=\"150\" class=\"wp-image-1390\" style=\"width: 150px;\" src=\"https:\/\/gourmet-club-trier.de\/wp-content\/uploads\/2023\/11\/Neugebauer1.jpg\" alt=\"\" srcset=\"https:\/\/gourmet-club-trier.de\/wp-content\/uploads\/2023\/11\/Neugebauer1.jpg 2346w, https:\/\/gourmet-club-trier.de\/wp-content\/uploads\/2023\/11\/Neugebauer1-300x300.jpg 300w, https:\/\/gourmet-club-trier.de\/wp-content\/uploads\/2023\/11\/Neugebauer1-1024x1024.jpg 1024w, https:\/\/gourmet-club-trier.de\/wp-content\/uploads\/2023\/11\/Neugebauer1-150x150.jpg 150w, https:\/\/gourmet-club-trier.de\/wp-content\/uploads\/2023\/11\/Neugebauer1-768x768.jpg 768w, https:\/\/gourmet-club-trier.de\/wp-content\/uploads\/2023\/11\/Neugebauer1-1536x1536.jpg 1536w, https:\/\/gourmet-club-trier.de\/wp-content\/uploads\/2023\/11\/Neugebauer1-2048x2048.jpg 2048w, https:\/\/gourmet-club-trier.de\/wp-content\/uploads\/2023\/11\/Neugebauer1-945x945.jpg 945w, https:\/\/gourmet-club-trier.de\/wp-content\/uploads\/2023\/11\/Neugebauer1-600x600.jpg 600w\" sizes=\"auto, (max-width: 150px) 100vw, 150px\" \/><\/td><td><img decoding=\"async\" class=\"wp-image-668\" style=\"width: 150px;\" src=\"http:\/\/gourmet-club-trier.de\/wp-content\/uploads\/2018\/12\/Norta.jpg\" alt=\"\"><\/td><\/tr><tr><td class=\"has-text-align-center\" data-align=\"center\"><strong>Thomas Wegmann<\/strong><br><\/td><td class=\"has-text-align-center\" data-align=\"center\"><strong>Michael Puch<\/strong><br><\/td><td><strong>Matthias Hettinger<\/strong> Clubsommel\u00eeer<br><\/td><td><strong>Alex Neugebauer<\/strong><br><\/td><td><strong>Winfried Norta<br><\/strong><\/td><\/tr><tr><td class=\"has-text-align-center\" data-align=\"center\"><img loading=\"lazy\" decoding=\"async\" width=\"150\" height=\"150\" class=\"wp-image-1412\" style=\"width: 150px;\" src=\"https:\/\/gourmet-club-trier.de\/wp-content\/uploads\/2024\/02\/Herrmann.jpg\" alt=\"\" srcset=\"https:\/\/gourmet-club-trier.de\/wp-content\/uploads\/2024\/02\/Herrmann.jpg 1679w, https:\/\/gourmet-club-trier.de\/wp-content\/uploads\/2024\/02\/Herrmann-300x300.jpg 300w, https:\/\/gourmet-club-trier.de\/wp-content\/uploads\/2024\/02\/Herrmann-1024x1024.jpg 1024w, https:\/\/gourmet-club-trier.de\/wp-content\/uploads\/2024\/02\/Herrmann-150x150.jpg 150w, https:\/\/gourmet-club-trier.de\/wp-content\/uploads\/2024\/02\/Herrmann-768x768.jpg 768w, https:\/\/gourmet-club-trier.de\/wp-content\/uploads\/2024\/02\/Herrmann-1536x1536.jpg 1536w, https:\/\/gourmet-club-trier.de\/wp-content\/uploads\/2024\/02\/Herrmann-945x945.jpg 945w, https:\/\/gourmet-club-trier.de\/wp-content\/uploads\/2024\/02\/Herrmann-600x600.jpg 600w\" sizes=\"auto, (max-width: 150px) 100vw, 150px\" \/><\/td><td class=\"has-text-align-center\" data-align=\"center\"><\/td><td><\/td><td><\/td><td><\/td><\/tr><tr><td class=\"has-text-align-center\" data-align=\"center\"><strong>Dr. Heiner Herrmann<\/strong><\/td><td class=\"has-text-align-center\" data-align=\"center\"><\/td><td><\/td><td><\/td><td><\/td><\/tr><\/tbody><\/table><\/figure>\n<\/div>\n","protected":false},"excerpt":{"rendered":"<p>Alex BachPr\u00e4sident Wolfgang HeinVizepr\u00e4sidentSchatzmeister Willi WolfSchriftf\u00fchrer Georg HenkeK\u00fcchenchef Helmut Kay Helmut Reis Michael Kiesmann Walter Oberbillig J\u00fcrgen Schaefer Dieter Reitemeyer Engelbert Marx Prof. Dr. Wolfgang Klooss Gert Nussbaum Oliver Decker Dr. R\u00fcdiger de Boer Thomas Wegmann Michael Puch Matthias Hettinger Clubsommel\u00eeer Alex Neugebauer Winfried Norta Dr. Heiner Herrmann<\/p>\n","protected":false},"author":1,"featured_media":0,"parent":0,"menu_order":0,"comment_status":"closed","ping_status":"closed","template":"","meta":{"ngg_post_thumbnail":0,"footnotes":""},"class_list":["post-17","page","type-page","status-publish","hentry"],"_links":{"self":[{"href":"https:\/\/gourmet-club-trier.de\/index.php\/wp-json\/wp\/v2\/pages\/17","targetHints":{"allow":["GET"]}}],"collection":[{"href":"https:\/\/gourmet-club-trier.de\/index.php\/wp-json\/wp\/v2\/pages"}],"about":[{"href":"https:\/\/gourmet-club-trier.de\/index.php\/wp-json\/wp\/v2\/types\/page"}],"author":[{"embeddable":true,"href":"https:\/\/gourmet-club-trier.de\/index.php\/wp-json\/wp\/v2\/users\/1"}],"replies":[{"embeddable":true,"href":"https:\/\/gourmet-club-trier.de\/index.php\/wp-json\/wp\/v2\/comments?post=17"}],"version-history":[{"count":56,"href":"https:\/\/gourmet-club-trier.de\/index.php\/wp-json\/wp\/v2\/pages\/17\/revisions"}],"predecessor-version":[{"id":1691,"href":"https:\/\/gourmet-club-trier.de\/index.php\/wp-json\/wp\/v2\/pages\/17\/revisions\/1691"}],"wp:attachment":[{"href":"https:\/\/gourmet-club-trier.de\/index.php\/wp-json\/wp\/v2\/media?parent=17"}],"curies":[{"name":"wp","href":"https:\/\/api.w.org\/{rel}","templated":true}]}}